
{"id":9,"date":"2021-07-14T16:53:59","date_gmt":"2021-07-14T16:53:59","guid":{"rendered":"http:\/\/www4295.vu.lt\/?page_id=9"},"modified":"2023-10-25T12:17:21","modified_gmt":"2023-10-25T12:17:21","slug":"apie","status":"publish","type":"page","link":"https:\/\/www.ibsc2023.kf.vu.lt\/lt\/apie\/","title":{"rendered":"Apie"},"content":{"rendered":"<p><a href=\"https:\/\/www.ibsc2023.kf.vu.lt\/wp-content\/uploads\/2023\/02\/Kvietimas_Periodikos-konferencija_01_31_LIETUVISKAI.pdf\"><img decoding=\"async\" loading=\"lazy\" class=\"alignright wp-image-1345\" src=\"https:\/\/www.ibsc2023.kf.vu.lt\/wp-content\/uploads\/2023\/01\/PDF_ikona-300x300.png\" alt=\"\" width=\"40\" height=\"40\" srcset=\"https:\/\/www.ibsc2023.kf.vu.lt\/wp-content\/uploads\/2023\/01\/PDF_ikona-300x300.png 300w, https:\/\/www.ibsc2023.kf.vu.lt\/wp-content\/uploads\/2023\/01\/PDF_ikona-1024x1024.png 1024w, https:\/\/www.ibsc2023.kf.vu.lt\/wp-content\/uploads\/2023\/01\/PDF_ikona-150x150.png 150w, https:\/\/www.ibsc2023.kf.vu.lt\/wp-content\/uploads\/2023\/01\/PDF_ikona-768x768.png 768w, https:\/\/www.ibsc2023.kf.vu.lt\/wp-content\/uploads\/2023\/01\/PDF_ikona-1536x1536.png 1536w, https:\/\/www.ibsc2023.kf.vu.lt\/wp-content\/uploads\/2023\/01\/PDF_ikona-2048x2048.png 2048w, https:\/\/www.ibsc2023.kf.vu.lt\/wp-content\/uploads\/2023\/01\/PDF_ikona-250x250.png 250w, https:\/\/www.ibsc2023.kf.vu.lt\/wp-content\/uploads\/2023\/01\/PDF_ikona-174x174.png 174w\" sizes=\"(max-width: 40px) 100vw, 40px\" \/><\/a><\/p>\n<p>&nbsp;<\/p>\n<p style=\"text-align: center;\"><span style=\"color: #78003f;\"><strong>Tarptautin\u0117 mokslin\u0117 konferencija<\/strong><\/span><\/p>\n<p style=\"text-align: center;\"><strong>PERIODINIAI LEIDINIAI IR BESIKEI\u010cIANTI VISUOMEN\u0116<\/strong><\/p>\n<p style=\"text-align: center;\"><strong>Periodinei spaudai lietuvi\u0173 kalba \u2013 200<\/strong><\/p>\n<p style=\"text-align: center;\">Vilnius, 2023 m. spalio 19\u201320 d.<\/p>\n<p style=\"text-align: center;\"><span style=\"color: #78003f;\"><strong>KVIETIMAS DALYVAUTI<\/strong><\/span><\/p>\n<p>Periodin\u0117 spauda, kaip masin\u0117s komunikacijos priemon\u0117, atspindi kolektyvin\u012f santyk\u012f su visuomene. Tai ketvirtoji vald\u017eia, kuri valdo \u017emonij\u0105 be \u012fstatym\u0173 ir bausmi\u0173, ne\u0161dama atsakomyb\u0119 skaitytojui ir valstybei. Ryt\u0173, Vidurio ir \u0160iaur\u0117s Europos regionai \u012f periodin\u0117s spaudos epoch\u0105 \u012f\u017eeng\u0117 skirtingu laiku \u2013 XVII a. vid. &#8211;\u00a0XIX a. pr. Periodikos pirmtakas lietuvi\u0173 kalba \u201eNusidavimai Dievo karalyst\u0117je\u201c, pasirod\u0119s 1823 m. Til\u017e\u0117je (Ma\u017eoji Lietuva, Pr\u016bsijos karalyst\u0117), buvo \u0161io d\u0117sningo informacijos ir komunikacijos pl\u0117tros bei kaitos proceso dalis. Jo i\u0161takos \u2013 Lietuvos Did\u017eiosios Kunigaik\u0161tyst\u0117s ir Pr\u016bsijos karalyst\u0117s t\u0119stiniuose leidiniuose ir kalendoriuose. Su kiekviena diena pasaulin\u0117s spaudos apimtys did\u0117jo, pl\u0117t\u0117si ir Lietuvos periodikos repertuaras (1760 m. Vilniuje i\u0161\u0117jo pirmasis laikra\u0161tis lenk\u0173, 1802 m. \u2013 pranc\u016bz\u0173, 1810 m. \u2013 vokie\u010di\u0173, 1841 m. \u2013\u00a0 hebraj\u0173, 1862 m. \u2013 baltarusi\u0173 kalbomis). Keit\u0117si ir visuomen\u0117s, pasinerdamos \u012f \u012fvairialyp\u0119 informacin\u0119 b\u016bt\u012f, spauda tapo modernaus \u017emogaus \u012fvaizd\u017eio dalimi. Periodin\u0117 spauda skaitmeniniame am\u017eiuje transformavosi, atsirado nauj\u0173 leidybos b\u016bd\u0173, informacijos pateikimo form\u0173 ir format\u0173. Pirmasis periodinis skaitmeninis leidinys Lietuvoje prad\u0117jo eiti 1998 m., dabar j\u0173 turime de\u0161imtis. Konferencija skiriama lietuvi\u0161kosios periodin\u0117s spaudos 200 met\u0173 sukak\u010diai pamin\u0117ti ir aptarti periodini\u0173 leidini\u0173 istorin\u0117s kaitos ir j\u0173 paveldo tyrimus, \u0161iandienos periodikos leidybos ir sklaidos savitumus, i\u0161ry\u0161kinti svarbiausius \u0161iuolaikin\u0117s periodin\u0117s spaudos leidybos poky\u010dius, su kuriais susiduria Baltijos regiono ir kit\u0173 \u0161ali\u0173 tinklaveikos visuomen\u0117s.<\/p>\n<p><strong>Kvie\u010diame teikti prane\u0161imus \u0161iomis temomis: <\/strong><\/p>\n<ul>\n<li><strong>Periodikos tyrim\u0173 teorin\u0117s prieigos. <\/strong>Periodinio, t\u0119stinio, serialinio leidinio sampratos kaita. Periodikos tyrim\u0173 metodologija ir \u0161altiniai. Kritin\u0117 komunikacijos ir informacijos, knygotyros, \u0161altiniotyros, tarpdalykin\u0117 perspektyva. Periodikos bibliografini\u0173 \u0161altini\u0173 baz\u0117s formavimas ir \u0161iandienos b\u016bkl\u0117.<\/li>\n<li><strong>Periodini\u0173 leidini\u0173 istorija, istoriografija ir bibliografini\u0173 \u0161altini\u0173 i\u0161tekliai. <\/strong>Periodikos pirmtakai (kalendoriai, rankra\u0161tiniai laikra\u0161\u010diai, disertacij\u0173 tez\u0117s, silva rerum) ir repertuaro kaita XVI\u2013XIX a. Tautinio atgimimo epochos periodika. Periodin\u0117s spaudos istorijos atradimai, kei\u010diantys supratim\u0105 apie epoch\u0105, reik\u0161mingus spaudos \u012fvykius ir kt. Sintetiniai periodikos istorijos ir bibliografijos tyrim\u0173 rezultatai.<\/li>\n<li><strong>Periodikos paveldas, jo komunikacija. skaitmeninimas ir tyrimai<\/strong>. . Periodikos ir t\u0119stini\u0173 leidini\u0173 istoriniai rinkiniai (kolekcijos), j\u0173 raida ir sud\u0117tis. Periodini\u0173 leidini\u0173 paveldo \u017eanrai, meninis apipavidalinimas. Specializuoti periodini\u0173 leidini\u0173 paveldo skaitmeniniai i\u0161tekliai, j\u0173 k\u016brimas ir naudojimas. Technologiniai ir metodologiniai dokumentinio paveldo skaitmeninimo klausimai. Spaudos tyrim\u0173 reik\u0161m\u0117 skaitmeninimo procesams.<\/li>\n<li><strong>Duomen\u0173 analitika periodikos tyrimuose<\/strong>. Duomen\u0173 samprata ir specifika periodikos leidyboje. Periodikos duomen\u0173 turinio analiz\u0117s galimyb\u0117s ir patirtys.<\/li>\n<li><strong>Periodika ir visuomen\u0117s grup\u0117s.<\/strong> Periodikos tyrimai i\u0161 etnin\u0117s, konfesin\u0117s, regionin\u0117s, nacionalin\u0117s, lokalin\u0117s tapatyb\u0117s ar paskirties adresato analiz\u0117s perspektyv\u0173. Sovietme\u010dio nelegalioji spauda. I\u0161eivijos periodiniai leidiniai. Tautini\u0173 ma\u017eum\u0173 leidiniai. Periodikos vartotojai (skaitytojai).<\/li>\n<li><strong>Periodini\u0173 leidini\u0173 rinka. <\/strong>Valstyb\u0117s ir verslo interesai formuojant periodin\u0117s spaudos rink\u0105, u\u017etikrinant prieig\u0105 prie \u012fvairi\u0173 \u017eanr\u0173 ir paskirties spaudos. Tarptauti\u0161kumo, nacionalumo ir regioni\u0161kumo dimensijos.<\/li>\n<li><strong>Periodika ir skaitmenin\u0117 leidyba. <\/strong>Skaitmeninio periodin\u0117s spaudos turinio atsiradimas, leidybos proces\u0173 valdymo skaitmenizacija, naujieji leidybos verslo modeliai.<\/li>\n<\/ul>\n<p><span style=\"color: #78003f;\"><strong>Organizatorius <\/strong><\/span><br \/>\nVilniaus universiteto Komunikacijos fakultetas<\/p>\n<p><span style=\"color: #78003f;\"><strong>Partneriai<\/strong><\/span><br \/>\nLietuvos mokslo periodikos asociacija<br \/>\nCrossref<\/p>\n<p><span style=\"color: #78003f;\"><strong>Konferencijos formatas <\/strong><\/span><br \/>\nNuotolin\u0117<\/p>\n<p><span style=\"color: #78003f;\"><strong>Konferencijos kalba<\/strong><\/span><br \/>\nAngl\u0173<\/p>\n<p><span style=\"color: #78003f;\"><strong>Svarbiausios datos<\/strong><\/span><br \/>\nIki 2023 m. kovo 31 d. \u2013 prane\u0161im\u0173 tem\u0173 ir santrauk\u0173 teikimas<br \/>\nIki 2023 m. gegu\u017e\u0117s 15 d. \u2013 prane\u0161im\u0173 vertinimas ir atranka<br \/>\nIki 2023 m. bir\u017eelio 30 d. \u2013 programos skelbimas<br \/>\n2023 m. spalio 19\u201320 d. \u2013 konferencija<\/p>\n<p><span style=\"color: #78003f;\"><strong>Registraci<span style=\"color: #78003f;\">jos s\u0105lygos ir kita informaci<\/span>ja<\/strong><\/span><br \/>\nPra\u0161ome registruoti prane\u0161im\u0173 santraukas tarptautin\u0117s konferencijos svetain\u0117je <a href=\"http:\/\/www.ibsc2023.kf.vu.lt\/\">http:\/\/www.ibsc2023.kf.vu.lt\/<\/a>.<br \/>\nRegistruojant si\u016blym\u0105 b\u016btina pateikti numatomo prane\u0161imo pavadinim\u0105, jo santrauk\u0105 (ne daugiau kaip 250 \u017eod\u017ei\u0173), informacij\u0105 apie autori\u0173 (vardas ir pavard\u0117; atstovaujama institucija, mokslinis laipsnis ir pedagoginis vardas; darboviet\u0117s adresas, elektroninio pa\u0161to adresas; trumpas mokslin\u0117s veiklos apra\u0161ymas (ne daugiau kaip 50 \u017eod\u017ei\u0173). Numatoma prane\u0161im\u0173 trukm\u0117 \u2013 20 minu\u010di\u0173 (ne daugiau kaip 2500 \u017eod\u017ei\u0173). Prane\u0161im\u0173 pagrindu parengti straipsniai bus skelbiami tarptautinio mokslinio \u017eurnalo \u201eKnygotyra\u201c 2024 m. tomuose. \u017durnal\u0105 leid\u017eia Vilniaus universiteto leidykla, nuo 2018 m. jis referuojamas Elsevier Scopus duomen\u0173 baz\u0117je. Dalyvavimas konferencijoje nemokamas.<\/p>\n<p><span style=\"color: #78003f;\"><strong>Kvietimas pdf. formatu:<\/strong><\/span> <a href=\"https:\/\/www.ibsc2023.kf.vu.lt\/wp-content\/uploads\/2023\/02\/Kvietimas_Periodikos-konferencija_01_31_LIETUVISKAI.pdf\">Kvietimas_Periodikos konferencija_01_31_LT<\/a><\/p>\n<p><span style=\"color: #78003f;\"><strong>Kontaktiniai asmenys<\/strong><\/span><br \/>\nKonferencijos organizacinio komiteto sekretor\u0117 Kristina Gedvilait\u0117, el. pa\u0161tas: <a href=\"mailto:ibsc2023@kf.vu.lt\">ibsc2023@kf.vu.lt<\/a><\/p>\n<p><span style=\"color: #78003f;\"><strong>Adresas susira\u0161in\u0117jimui<\/strong><\/span><br \/>\nKnygotyros, mediotyros ir leidybos tyrim\u0173 katedra<br \/>\nKomunikacijos fakultetas<br \/>\nVilniaus universitetas<br \/>\nUniversiteto g. 3, LT-01513 Vilnius, Lietuva<\/p>","protected":false},"excerpt":{"rendered":"<p>&nbsp; Tarptautin\u0117 mokslin\u0117 konferencija PERIODINIAI LEIDINIAI IR BESIKEI\u010cIANTI VISUOMEN\u0116 Periodinei spaudai lietuvi\u0173 kalba \u2013 200 Vilnius, 2023 m. spalio 19\u201320 d. KVIETIMAS DALYVAUTI Periodin\u0117 spauda, kaip masin\u0117s komunikacijos priemon\u0117, atspindi kolektyvin\u012f santyk\u012f su visuomene. Tai ketvirtoji vald\u017eia, kuri valdo \u017emonij\u0105 be \u012fstatym\u0173 ir bausmi\u0173, ne\u0161dama atsakomyb\u0119 skaitytojui ir valstybei. Ryt\u0173, Vidurio ir \u0160iaur\u0117s Europos regionai <a href=\"https:\/\/www.ibsc2023.kf.vu.lt\/lt\/apie\/\" rel=\"nofollow\"><span class=\"sr-only\">Read more about Apie<\/span>[&hellip;]<\/a><\/p>\n","protected":false},"author":1,"featured_media":0,"parent":0,"menu_order":0,"comment_status":"closed","ping_status":"closed","template":"","meta":[],"_links":{"self":[{"href":"https:\/\/www.ibsc2023.kf.vu.lt\/lt\/wp-json\/wp\/v2\/pages\/9"}],"collection":[{"href":"https:\/\/www.ibsc2023.kf.vu.lt\/lt\/wp-json\/wp\/v2\/pages"}],"about":[{"href":"https:\/\/www.ibsc2023.kf.vu.lt\/lt\/wp-json\/wp\/v2\/types\/page"}],"author":[{"embeddable":true,"href":"https:\/\/www.ibsc2023.kf.vu.lt\/lt\/wp-json\/wp\/v2\/users\/1"}],"replies":[{"embeddable":true,"href":"https:\/\/www.ibsc2023.kf.vu.lt\/lt\/wp-json\/wp\/v2\/comments?post=9"}],"version-history":[{"count":31,"href":"https:\/\/www.ibsc2023.kf.vu.lt\/lt\/wp-json\/wp\/v2\/pages\/9\/revisions"}],"predecessor-version":[{"id":1508,"href":"https:\/\/www.ibsc2023.kf.vu.lt\/lt\/wp-json\/wp\/v2\/pages\/9\/revisions\/1508"}],"wp:attachment":[{"href":"https:\/\/www.ibsc2023.kf.vu.lt\/lt\/wp-json\/wp\/v2\/media?parent=9"}],"curies":[{"name":"wp","href":"https:\/\/api.w.org\/{rel}","templated":true}]}}