
{"id":603,"date":"2022-09-22T09:55:15","date_gmt":"2022-09-22T06:55:15","guid":{"rendered":"http:\/\/www.ibsc2022.kf.vu.lt\/?page_id=603"},"modified":"2023-10-18T17:55:39","modified_gmt":"2023-10-18T17:55:39","slug":"prisijungimas-prie-konferencijos","status":"publish","type":"page","link":"https:\/\/www.ibsc2023.kf.vu.lt\/lt\/programa\/prisijungimas-prie-konferencijos\/","title":{"rendered":"Prisijungimas prie konferencijos"},"content":{"rendered":"<p>Konferencija skiriama lietuvi\u0161kosios periodin\u0117s spaudos 200 met\u0173 sukak\u010diai pamin\u0117ti ir aptarti periodini\u0173 leidini\u0173 istorin\u0117s kaitos ir j\u0173 paveldo tyrimus, \u0161iandienos periodikos leidybos ir sklaidos savitumus, i\u0161ry\u0161kinti svarbiausius \u0161iuolaikin\u0117s periodin\u0117s spaudos leidybos poky\u010dius, su kuriais susiduria Baltijos regiono ir kit\u0173 \u0161ali\u0173 tinklaveikos visuomen\u0117s.<\/p>\n<p>Konferencija vyks angl\u0173 kalba.<\/p>\n<p>Kvie\u010diame susipa\u017einti su konferencijos programa:<\/p>\n<p><strong>19th of October<\/strong><\/p>\n<p>International research conference starts at 9:00 with the opening of the conference and welcome speeches.\u00a0<a href=\"https:\/\/teams.microsoft.com\/l\/meetup-join\/19%3ameeting_MjJmNzNhOWUtYjBjMi00YTA2LTkzMDYtOTJhNGM4MjljNjg4%40thread.v2\/0?context=%7b%22Tid%22%3a%2282c51a82-548d-43ca-bcf9-bf4b7eb1d012%22%2c%22Oid%22%3a%227cc50301-3363-4ee8-8ee4-e6ef1439849e%22%7d\" target=\"_blank\" rel=\"noopener\">Link is here.<\/a><\/p>\n<p><strong><a href=\"https:\/\/teams.microsoft.com\/l\/meetup-join\/19%3ameeting_MjJmNzNhOWUtYjBjMi00YTA2LTkzMDYtOTJhNGM4MjljNjg4%40thread.v2\/0?context=%7b%22Tid%22%3a%2282c51a82-548d-43ca-bcf9-bf4b7eb1d012%22%2c%22Oid%22%3a%227cc50301-3363-4ee8-8ee4-e6ef1439849e%22%7d\" target=\"_blank\" rel=\"noopener\">1 and 3 sessions link is here.<\/a><\/strong><br \/>\n<strong>1 session<\/strong>\u00a0will start at 9:20 on History, historiography and bibliography of periodical and will be moderated by Assoc. Prof. Dr. Aile M\u00f6ldre.<br \/>\n1 session program:<br \/>\n9:00\u20139:20 Opening of the conference, welcome speeches<br \/>\n9:20\u20139:45 Tiiu Reimo (Estonia)The Emergence of the Estonian Language Periodical Press<br \/>\n9:45\u201310:10 Monika \u0141\u0119kawska (Pedagogical University of Krakow, Poland) From Spy to Editor \u2013 Newsboys of El\u017cbieta Sieniawska n\u00e9e Lubomirska, Castellan of Krak\u00f3w (d. 1729)<br \/>\n10:10\u201310:35 Birut\u0117 Railien\u0117 (Wroblewski Library of the Lithuanian Academy of Sciences, Lithuania) Wiadomo\u015bci Brukowe (1816\u20131822) in Vilnius \u2013 the First Satirical Weekly Paper in Lithuania<br \/>\n10:35\u201311:00 Coffee break<br \/>\n11:00\u201311:25 Dragana Grujic (University of Belgrade, Serbia) Bibliographers as Editors of Serbian Journals During the 19th Century<br \/>\n11:25\u201311:50 Greta K\u0117velaitien\u0117 (Panev\u0117\u017eys County Gabriel\u0117 Petkevi\u010dait\u0117-Bit\u0117 Public Library, Lithuania) Shapirographed Periodical Literature in Panev\u0117\u017eys region (1918\u20131945)<br \/>\n11:50\u201312:50 Lunch time<\/p>\n<p><strong>3 session<\/strong> will start at 12:50 on Periodicals and society groups and will be moderated by Dr. Rima Cic\u0117nien\u0117.<br \/>\n3 session program:<br \/>\n<span style=\"text-decoration: line-through;\">12:50\u201313:15 Teuvo Laitila (University of Eastern Finland, Finland) Finnish Nationalist Newspaper Representations of Border Karelian women, 1899\u20131914<\/span><br \/>\n13:15\u201313.40 Au\u0161ra Kairaityt\u0117-U\u017eup\u0117 (Vilnius University, Lithuania) On the Margins of Periodicals: Informal Publications of the Lithuanian Youth of the Nineties<br \/>\n13.40\u201314.05 Fausta Kepalien\u0117, Au\u0161ra Navickien\u0117 (Vilnius University, Lithuania) The Open Access Journals and Lithuanian Scholars\u2019 Publishing Behaviour<br \/>\n14.05\u201314.30 Gordana Djokovic (University of Belgrade, Serbia) Academic Publishing and Open Science at the University of Belgrade (Serbia)<br \/>\n14.30\u201315.00 Closing discussion of the first day of the conference<\/p>\n<p><strong><a href=\"https:\/\/teams.microsoft.com\/l\/meetup-join\/19%3ameeting_NTVjZjQ1ZmItNWJkNy00OTNlLTk3MjYtNDY1OTE2NTQ5NmNh%40thread.v2\/0?context=%7b%22Tid%22%3a%2282c51a82-548d-43ca-bcf9-bf4b7eb1d012%22%2c%22Oid%22%3a%227cc50301-3363-4ee8-8ee4-e6ef1439849e%22%7d\" target=\"_blank\" rel=\"noopener\">2 and 4 sessions link is here.<\/a><\/strong><\/p>\n<p><strong>2 session<\/strong> will start at 9:20 on Heritage of periodicals and digitalization and will be moderated by Assoc. prof. Nijol\u0117 Bli\u016bd\u017eiuvien\u0117.<br \/>\n2 session program:<br \/>\n9:20\u20139:45 Arvydas Pacevi\u010dius (Vilnius University, Lithuania) Dissemination of Scientific Periodicals in Lithuania in the First Half of the 19th Century: the Case of Vilnius University<br \/>\n9:45\u201310:10 Egl\u0117 Akstinait\u0117-Veli\u010dkien\u0117 (Vilnius University Library, Lithuania) Ex amore erga Vilnam: J. Kazlauskait\u0117\u2019s Bibliographical indexes on Vilnius periodicals<br \/>\n10:10\u201310:35 Liisa N\u00e4p\u00e4r\u00e4, Erno Liukkonen (National Library of Finland, Finland) Unlocking the Potential of Creating Customized Datasets from the Periodicals<br \/>\n10:35\u201311:00 Coffee break<br \/>\n11:00\u201311:25 Rima Cic\u0117nien\u0117 (Vilnius University; Wroblewski Library of the LAS, Lithuania) Non-print Periodicals in the Wroblevski Library: what does the Collection Tell about the History of Publishing in Lithuania?<br \/>\n11:25\u201311:50 Tuula P\u00e4\u00e4kk\u00f6nen (National Library of Finland, Finland) The Years of Digitization and Usage of Periodicals in National Library of Finland<br \/>\n11:50\u201312:50 Lunch time<\/p>\n<p><strong>4 session<\/strong> will start at 12:50 on Market of periodicals and publishing statistics and will be moderated by Prof. Dr. Zoran Velagi\u010d.<br \/>\n4 session program:<br \/>\n12:50\u201313:15 Aile M\u00f6ldre (Tallinn University, Estonia) Serialised Novels in Estonian Newspapers in the Beginning of the 20th Century: From Development to Corruption of Literary Taste?<br \/>\n<span style=\"text-decoration: line-through;\">13:15\u201313.40 S\u0142awomir Gawro\u0144ski (University of Information Technology and Management in Rzesz\u00f3w, Poland) The Economic Future of the Printed Press in Poland <\/span><br \/>\n13.40\u201314.05 Tomas Petreikis (Vilnius University, Lithuania) Quantitative Changes in Publishing of Lithuanian Scholarly Journals in 2015\u20132022: Statistics and Science policy<br \/>\n14.05\u201314.30 Nijol\u0117 Bli\u016bd\u017eiuvien\u0117 (Vilnius University, Lithuania) Statistics Data on Periodicals Publishing Industry Between Keepers and Users<br \/>\n14.30\u201315.00 Closing discussion of the first day of the conference in 1 and 3 session link. <a href=\"https:\/\/teams.microsoft.com\/l\/meetup-join\/19%3ameeting_MjJmNzNhOWUtYjBjMi00YTA2LTkzMDYtOTJhNGM4MjljNjg4%40thread.v2\/0?context=%7b%22Tid%22%3a%2282c51a82-548d-43ca-bcf9-bf4b7eb1d012%22%2c%22Oid%22%3a%227cc50301-3363-4ee8-8ee4-e6ef1439849e%22%7d\" target=\"_blank\" rel=\"noopener\">Link is here.<\/a><\/p>\n<p><strong>20th of October<\/strong><\/p>\n<p><strong><a href=\"https:\/\/teams.microsoft.com\/l\/meetup-join\/19%3ameeting_NWM3YWIzOWEtNjUwOS00YTdlLWJjZTgtNDIxMDIwNThlNjUx%40thread.v2\/0?context=%7b%22Tid%22%3a%2282c51a82-548d-43ca-bcf9-bf4b7eb1d012%22%2c%22Oid%22%3a%227cc50301-3363-4ee8-8ee4-e6ef1439849e%22%7d\" target=\"_blank\" rel=\"noopener\">Session 5 link.<\/a><\/strong><br \/>\nSecond day, Session 5th.<br \/>\n9:00\u20139:10 Opening of the second day of the conference<br \/>\nThen, from 9:10 until 12.15 lecturers will present their research, and from 12.15 till 12.45 there will be closing discussion.<br \/>\nSession 5 program:<br \/>\n9:10\u20139:35 Martyn Rittman (Crossref, United Kingdom) The Research Nexus: Mapping the Complexity of Research Outputs<br \/>\n9:35\u201310.00 Vincas Grigas (Vilnius University, Lithuania) An Exploratory Study into Maturity of Scholarly Journals Publishing Technologies in Lithuania<br \/>\n10:00\u201310:25 Ar\u016bnas Gudinavi\u010dius, Vincas Grigas (Vilnius University, Lithuania) Scholarly Journal Publishers in Small Language Country: the Case of Lithuania<br \/>\n10:25\u201311:00 Coffee break<br \/>\n11:00\u201311:25 Andrius \u0160uminas (Vilnius University, Lithuania) Geographical Disparity in Editorial Boards of Lithuanian Scientific Journals: an Overview of Different Science Disciplines<br \/>\n11:25\u201311:50 Iryna Kuchma (EIFL, Lithuania) Supporting Diamond OA in Lithuania<br \/>\n11:50\u201312.15 Alvida Kasiulyt\u0117 (Martynas Ma\u017evydas National library of Lithuania) International Standard Serial Numbering (ISSN) in Lithuania<br \/>\n12.15\u201312.45 Closing discussion of the second day of the conference<\/p>\n<p>Listeners consent to the recording of their voice and\/or image for the exclusive purposes of Vilnius University, Faculty of Communication, subject to any applicable laws and regulations.<\/p>","protected":false},"excerpt":{"rendered":"<p>Konferencija skiriama lietuvi\u0161kosios periodin\u0117s spaudos 200 met\u0173 sukak\u010diai pamin\u0117ti ir aptarti periodini\u0173 leidini\u0173 istorin\u0117s kaitos ir j\u0173 paveldo tyrimus, \u0161iandienos periodikos leidybos ir sklaidos savitumus, i\u0161ry\u0161kinti svarbiausius \u0161iuolaikin\u0117s periodin\u0117s spaudos leidybos poky\u010dius, su kuriais susiduria Baltijos regiono ir kit\u0173 \u0161ali\u0173 tinklaveikos visuomen\u0117s. Konferencija vyks angl\u0173 kalba. Kvie\u010diame susipa\u017einti su konferencijos programa: 19th of October International <a href=\"https:\/\/www.ibsc2023.kf.vu.lt\/lt\/programa\/prisijungimas-prie-konferencijos\/\" rel=\"nofollow\"><span class=\"sr-only\">Read more about Prisijungimas prie konferencijos<\/span>[&hellip;]<\/a><\/p>\n","protected":false},"author":1,"featured_media":0,"parent":171,"menu_order":0,"comment_status":"closed","ping_status":"closed","template":"","meta":[],"_links":{"self":[{"href":"https:\/\/www.ibsc2023.kf.vu.lt\/lt\/wp-json\/wp\/v2\/pages\/603"}],"collection":[{"href":"https:\/\/www.ibsc2023.kf.vu.lt\/lt\/wp-json\/wp\/v2\/pages"}],"about":[{"href":"https:\/\/www.ibsc2023.kf.vu.lt\/lt\/wp-json\/wp\/v2\/types\/page"}],"author":[{"embeddable":true,"href":"https:\/\/www.ibsc2023.kf.vu.lt\/lt\/wp-json\/wp\/v2\/users\/1"}],"replies":[{"embeddable":true,"href":"https:\/\/www.ibsc2023.kf.vu.lt\/lt\/wp-json\/wp\/v2\/comments?post=603"}],"version-history":[{"count":8,"href":"https:\/\/www.ibsc2023.kf.vu.lt\/lt\/wp-json\/wp\/v2\/pages\/603\/revisions"}],"predecessor-version":[{"id":1507,"href":"https:\/\/www.ibsc2023.kf.vu.lt\/lt\/wp-json\/wp\/v2\/pages\/603\/revisions\/1507"}],"up":[{"embeddable":true,"href":"https:\/\/www.ibsc2023.kf.vu.lt\/lt\/wp-json\/wp\/v2\/pages\/171"}],"wp:attachment":[{"href":"https:\/\/www.ibsc2023.kf.vu.lt\/lt\/wp-json\/wp\/v2\/media?parent=603"}],"curies":[{"name":"wp","href":"https:\/\/api.w.org\/{rel}","templated":true}]}}