
{"id":23,"date":"2021-07-14T17:00:38","date_gmt":"2021-07-14T17:00:38","guid":{"rendered":"http:\/\/www4295.vu.lt\/?page_id=23"},"modified":"2023-05-17T04:44:14","modified_gmt":"2023-05-17T04:44:14","slug":"registracija","status":"publish","type":"page","link":"https:\/\/www.ibsc2023.kf.vu.lt\/lt\/registracija\/","title":{"rendered":"Registracija"},"content":{"rendered":"<p>Prane\u0161im\u0173 registracija yra u\u017edaryta.<\/p>","protected":false},"excerpt":{"rendered":"<p>Prane\u0161im\u0173 registracija yra u\u017edaryta.<\/p>\n","protected":false},"author":1,"featured_media":0,"parent":0,"menu_order":0,"comment_status":"closed","ping_status":"closed","template":"","meta":[],"_links":{"self":[{"href":"https:\/\/www.ibsc2023.kf.vu.lt\/lt\/wp-json\/wp\/v2\/pages\/23"}],"collection":[{"href":"https:\/\/www.ibsc2023.kf.vu.lt\/lt\/wp-json\/wp\/v2\/pages"}],"about":[{"href":"https:\/\/www.ibsc2023.kf.vu.lt\/lt\/wp-json\/wp\/v2\/types\/page"}],"author":[{"embeddable":true,"href":"https:\/\/www.ibsc2023.kf.vu.lt\/lt\/wp-json\/wp\/v2\/users\/1"}],"replies":[{"embeddable":true,"href":"https:\/\/www.ibsc2023.kf.vu.lt\/lt\/wp-json\/wp\/v2\/comments?post=23"}],"version-history":[{"count":13,"href":"https:\/\/www.ibsc2023.kf.vu.lt\/lt\/wp-json\/wp\/v2\/pages\/23\/revisions"}],"predecessor-version":[{"id":1452,"href":"https:\/\/www.ibsc2023.kf.vu.lt\/lt\/wp-json\/wp\/v2\/pages\/23\/revisions\/1452"}],"wp:attachment":[{"href":"https:\/\/www.ibsc2023.kf.vu.lt\/lt\/wp-json\/wp\/v2\/media?parent=23"}],"curies":[{"name":"wp","href":"https:\/\/api.w.org\/{rel}","templated":true}]}}