
{"id":21,"date":"2021-07-14T16:59:12","date_gmt":"2021-07-14T16:59:12","guid":{"rendered":"http:\/\/www4295.vu.lt\/?page_id=21"},"modified":"2023-01-03T19:21:42","modified_gmt":"2023-01-03T19:21:42","slug":"adresas-susirasinejimui","status":"publish","type":"page","link":"https:\/\/www.ibsc2023.kf.vu.lt\/lt\/apie\/adresas-susirasinejimui\/","title":{"rendered":"Adresas susira\u0161in\u0117jimui"},"content":{"rendered":"<p>Knygotyros, mediotyros ir leidybos tyrim\u0173 katedra<br \/>\nKomunikacijos fakultetas<br \/>\nVilniaus universitetas<br \/>\nUniversiteto g. 3<br \/>\nLT-01513 Vilnius, Lietuva<br \/>\nEl. pa\u0161tas: <a href=\"mailto:ibsc2023@kf.vu.lt\">ibsc2023@kf.vu.lt<\/a><\/p>","protected":false},"excerpt":{"rendered":"<p>Knygotyros, mediotyros ir leidybos tyrim\u0173 katedra Komunikacijos fakultetas Vilniaus universitetas Universiteto g. 3 LT-01513 Vilnius, Lietuva El. pa\u0161tas: ibsc2023@kf.vu.lt<\/p>\n","protected":false},"author":1,"featured_media":0,"parent":9,"menu_order":0,"comment_status":"closed","ping_status":"closed","template":"","meta":[],"_links":{"self":[{"href":"https:\/\/www.ibsc2023.kf.vu.lt\/lt\/wp-json\/wp\/v2\/pages\/21"}],"collection":[{"href":"https:\/\/www.ibsc2023.kf.vu.lt\/lt\/wp-json\/wp\/v2\/pages"}],"about":[{"href":"https:\/\/www.ibsc2023.kf.vu.lt\/lt\/wp-json\/wp\/v2\/types\/page"}],"author":[{"embeddable":true,"href":"https:\/\/www.ibsc2023.kf.vu.lt\/lt\/wp-json\/wp\/v2\/users\/1"}],"replies":[{"embeddable":true,"href":"https:\/\/www.ibsc2023.kf.vu.lt\/lt\/wp-json\/wp\/v2\/comments?post=21"}],"version-history":[{"count":4,"href":"https:\/\/www.ibsc2023.kf.vu.lt\/lt\/wp-json\/wp\/v2\/pages\/21\/revisions"}],"predecessor-version":[{"id":1002,"href":"https:\/\/www.ibsc2023.kf.vu.lt\/lt\/wp-json\/wp\/v2\/pages\/21\/revisions\/1002"}],"up":[{"embeddable":true,"href":"https:\/\/www.ibsc2023.kf.vu.lt\/lt\/wp-json\/wp\/v2\/pages\/9"}],"wp:attachment":[{"href":"https:\/\/www.ibsc2023.kf.vu.lt\/lt\/wp-json\/wp\/v2\/media?parent=21"}],"curies":[{"name":"wp","href":"https:\/\/api.w.org\/{rel}","templated":true}]}}