
{"id":19,"date":"2021-07-14T16:58:18","date_gmt":"2021-07-14T16:58:18","guid":{"rendered":"http:\/\/www4295.vu.lt\/?page_id=19"},"modified":"2023-01-05T12:57:34","modified_gmt":"2023-01-05T12:57:34","slug":"kontaktiniai-asmenys","status":"publish","type":"page","link":"https:\/\/www.ibsc2023.kf.vu.lt\/lt\/apie\/kontaktiniai-asmenys\/","title":{"rendered":"Kontaktiniai asmenys"},"content":{"rendered":"<p>Konferencijos organizacinio komiteto sekretor\u0117 Kristina Gedvilait\u0117, el. pa\u0161tas: <a href=\"mailto:ibsc2023@kf.vu.lt\">ibsc2023@kf.vu.lt<\/a><\/p>","protected":false},"excerpt":{"rendered":"<p>Konferencijos organizacinio komiteto sekretor\u0117 Kristina Gedvilait\u0117, el. pa\u0161tas: ibsc2023@kf.vu.lt<\/p>\n","protected":false},"author":1,"featured_media":0,"parent":9,"menu_order":0,"comment_status":"closed","ping_status":"closed","template":"","meta":[],"_links":{"self":[{"href":"https:\/\/www.ibsc2023.kf.vu.lt\/lt\/wp-json\/wp\/v2\/pages\/19"}],"collection":[{"href":"https:\/\/www.ibsc2023.kf.vu.lt\/lt\/wp-json\/wp\/v2\/pages"}],"about":[{"href":"https:\/\/www.ibsc2023.kf.vu.lt\/lt\/wp-json\/wp\/v2\/types\/page"}],"author":[{"embeddable":true,"href":"https:\/\/www.ibsc2023.kf.vu.lt\/lt\/wp-json\/wp\/v2\/users\/1"}],"replies":[{"embeddable":true,"href":"https:\/\/www.ibsc2023.kf.vu.lt\/lt\/wp-json\/wp\/v2\/comments?post=19"}],"version-history":[{"count":6,"href":"https:\/\/www.ibsc2023.kf.vu.lt\/lt\/wp-json\/wp\/v2\/pages\/19\/revisions"}],"predecessor-version":[{"id":1064,"href":"https:\/\/www.ibsc2023.kf.vu.lt\/lt\/wp-json\/wp\/v2\/pages\/19\/revisions\/1064"}],"up":[{"embeddable":true,"href":"https:\/\/www.ibsc2023.kf.vu.lt\/lt\/wp-json\/wp\/v2\/pages\/9"}],"wp:attachment":[{"href":"https:\/\/www.ibsc2023.kf.vu.lt\/lt\/wp-json\/wp\/v2\/media?parent=19"}],"curies":[{"name":"wp","href":"https:\/\/api.w.org\/{rel}","templated":true}]}}