
{"id":15,"date":"2021-07-14T16:56:43","date_gmt":"2021-07-14T16:56:43","guid":{"rendered":"http:\/\/www4295.vu.lt\/?page_id=15"},"modified":"2023-09-06T13:00:54","modified_gmt":"2023-09-06T13:00:54","slug":"konferencijos-organizatoriai-ir-partneriai","status":"publish","type":"page","link":"https:\/\/www.ibsc2023.kf.vu.lt\/lt\/apie\/konferencijos-organizatoriai-ir-partneriai\/","title":{"rendered":"Konferencijos organizacinis ir programos komitetai"},"content":{"rendered":"<p><strong>Konferencij\u0105 rengia<\/strong><\/p>\n<p>Vilniaus universiteto Komunikacijos fakultetas<\/p>\n<p class=\"p1\"><strong>Partneriai<\/strong><\/p>\n<p>Lietuvos mokslo periodikos asociacija<\/p>\n<p>Crossref (konferencijos 5-osios sekcijos organizatorius)<\/p>\n<p class=\"p4\"><strong>Organizacinis komitetas<\/strong><\/p>\n<p><span data-contrast=\"auto\">Doc. dr. Tomas Petreikis (pirmininkas), Vilniaus universitetas, Lietuvos moksl\u0173 akademijos Jaunoji akademija\u00a0<\/span><\/p>\n<p><span data-contrast=\"auto\">Doc. dr. Nijol\u0117 Bli\u016bd\u017eiuvien\u0117 (pirmininko pavaduotoja), Vilniaus universitetas<\/span><span data-ccp-props=\"{&quot;134233117&quot;:false,&quot;134233118&quot;:false,&quot;201341983&quot;:0,&quot;335559738&quot;:0,&quot;335559739&quot;:0,&quot;335559740&quot;:360}\">\u00a0<\/span><\/p>\n<p>Asist. dr. Rima Cic\u0117nien\u0117, Vilniaus universitetas<\/p>\n<p><span data-contrast=\"auto\">Doc. dr. Vincas Grigas, Vilniaus universitetas, Lietuvos mokslo periodikos asociacija<\/span><span data-ccp-props=\"{&quot;134233117&quot;:false,&quot;134233118&quot;:false,&quot;201341983&quot;:0,&quot;335559738&quot;:0,&quot;335559739&quot;:0,&quot;335559740&quot;:360}\">\u00a0<\/span><\/p>\n<p><span data-contrast=\"auto\">Prof. emeritas habil. dr. Domas Kaunas, Vilniaus universitetas, Lietuvos moksl\u0173 akademija\u00a0<\/span><\/p>\n<p><span data-contrast=\"auto\">Prof. dr. Au\u0161ra Navickien\u0117, Vilniaus universitetas<\/span><span data-ccp-props=\"{&quot;134233117&quot;:false,&quot;134233118&quot;:false,&quot;201341983&quot;:0,&quot;335559738&quot;:0,&quot;335559739&quot;:0,&quot;335559740&quot;:360}\">\u00a0<\/span><\/p>\n<p>Dr.\u00a0Martyn Rittman, Crossref (Jungtin\u0117 Karalyst\u0117)<\/p>\n<p class=\"p1\"><strong>Sekretoriatas<\/strong><\/p>\n<p>Kristina Gedvilait\u0117<\/p>\n<p>Margarita Kunkyt\u0117<\/p>\n<p class=\"p4\"><strong>Programos komitetas\u00a0<\/strong><\/p>\n<p>Doc. dr. Tomas Petreikis (pirmininkas), Vilniaus universitetas, <span data-contrast=\"auto\">Lietuvos moksl\u0173 akademijos Jaunoji akademija\u00a0<\/span><\/p>\n<p>Doc. dr. Nijol\u0117 Bli\u016bd\u017eiuvien\u0117 (pirmininko pavaduotoja), Vilniaus universitetas<\/p>\n<p>Asist. dr. Rima Cic\u0117nien\u0117, Vilniaus universitetas<\/p>\n<p>Prof. habil. dr.\u00a0\u00a0S\u0142awomir\u00a0Gawro\u0144ski,\u00a0 Informacijos technologij\u0173 ir vadybos auk\u0161toji mokykla\u00a0\u017de\u0161uve\u00a0(Lenkija)<\/p>\n<p>Doc. dr. Vincas Grigas, Vilniaus universitetas, Lietuvos mokslo periodikos asociacija<\/p>\n<p>Prof. dr.\u00a0Heiko\u00a0Hartmann, Leipcigo taikom\u0173j\u0173 moksl\u0173 universitetas (HTWK Leipcigas)\u00a0(Vokietija)<\/p>\n<p>Prof. emeritas habil. dr. Domas Kaunas, Vilniaus universitetas, <span data-contrast=\"auto\">Lietuvos moksl\u0173 akademija\u00a0<\/span><\/p>\n<p>Doc. dr.\u00a0Aile M\u00f6ldre, Talino universitetas<\/p>\n<p>Prof. dr. Au\u0161ra Navickien\u0117, Vilniaus universitetas<\/p>\n<p>Dr. Teuvo Laitila, Ryt\u0173 Suomijos universitetas<\/p>\n<p>Dr. Johanna Lilja, Suomijos nacionalin\u0117s biblioteka<\/p>\n<p>Prof. dr.\u00a0Arvydas Pacevi\u010dius,\u00a0Vilniaus universitetas<\/p>\n<p><span class=\"x_ContentPasted0 x_ContentPasted1\">Prof. habil. dr. Iwona Pietrzkiewicz<\/span>, Krokuvos pedagoginis universitetas (Lenkija)<\/p>\n<p>Dr.\u00a0Martyn Rittman, Crossref (Jungtin\u0117 Karalyst\u0117)<\/p>\n<p>Prof. dr. Rita Vai\u010dekauskait\u0117, Klaip\u0117dos universitetas (Lietuva), Lietuvos mokslo periodikos asociacija<\/p>\n<p>Prof. dr. Zoran Velagi\u010d, Osijeko universitetas (Kroatija)<\/p>\n<p>Prof. dr. Viesturs Zanders, Latvijos universitetas<\/p>","protected":false},"excerpt":{"rendered":"<p>Konferencij\u0105 rengia Vilniaus universiteto Komunikacijos fakultetas Partneriai Lietuvos mokslo periodikos asociacija Crossref (konferencijos 5-osios sekcijos organizatorius) Organizacinis komitetas Doc. dr. Tomas Petreikis (pirmininkas), Vilniaus universitetas, Lietuvos moksl\u0173 akademijos Jaunoji akademija\u00a0 Doc. dr. Nijol\u0117 Bli\u016bd\u017eiuvien\u0117 (pirmininko pavaduotoja), Vilniaus universitetas\u00a0 Asist. dr. Rima Cic\u0117nien\u0117, Vilniaus universitetas Doc. dr. Vincas Grigas, Vilniaus universitetas, Lietuvos mokslo periodikos asociacija\u00a0 Prof. <a href=\"https:\/\/www.ibsc2023.kf.vu.lt\/lt\/apie\/konferencijos-organizatoriai-ir-partneriai\/\" rel=\"nofollow\"><span class=\"sr-only\">Read more about Konferencijos organizacinis ir programos komitetai<\/span>[&hellip;]<\/a><\/p>\n","protected":false},"author":1,"featured_media":0,"parent":9,"menu_order":0,"comment_status":"closed","ping_status":"closed","template":"","meta":[],"_links":{"self":[{"href":"https:\/\/www.ibsc2023.kf.vu.lt\/lt\/wp-json\/wp\/v2\/pages\/15"}],"collection":[{"href":"https:\/\/www.ibsc2023.kf.vu.lt\/lt\/wp-json\/wp\/v2\/pages"}],"about":[{"href":"https:\/\/www.ibsc2023.kf.vu.lt\/lt\/wp-json\/wp\/v2\/types\/page"}],"author":[{"embeddable":true,"href":"https:\/\/www.ibsc2023.kf.vu.lt\/lt\/wp-json\/wp\/v2\/users\/1"}],"replies":[{"embeddable":true,"href":"https:\/\/www.ibsc2023.kf.vu.lt\/lt\/wp-json\/wp\/v2\/comments?post=15"}],"version-history":[{"count":27,"href":"https:\/\/www.ibsc2023.kf.vu.lt\/lt\/wp-json\/wp\/v2\/pages\/15\/revisions"}],"predecessor-version":[{"id":1482,"href":"https:\/\/www.ibsc2023.kf.vu.lt\/lt\/wp-json\/wp\/v2\/pages\/15\/revisions\/1482"}],"up":[{"embeddable":true,"href":"https:\/\/www.ibsc2023.kf.vu.lt\/lt\/wp-json\/wp\/v2\/pages\/9"}],"wp:attachment":[{"href":"https:\/\/www.ibsc2023.kf.vu.lt\/lt\/wp-json\/wp\/v2\/media?parent=15"}],"curies":[{"name":"wp","href":"https:\/\/api.w.org\/{rel}","templated":true}]}}